{"id":367,"date":"2013-01-30T20:04:58","date_gmt":"2013-01-30T20:04:58","guid":{"rendered":"http:\/\/www.mnkystudio.com\/theme-10\/?page_id=367"},"modified":"2017-07-24T08:30:55","modified_gmt":"2017-07-24T08:30:55","slug":"la-empresa","status":"publish","type":"page","link":"https:\/\/servimad3000.es\/en\/la-empresa\/","title":{"rendered":"La Empresa"},"content":{"rendered":"<p style=\"text-align: left;\"><div class=\"column column-1-2\">\n<div class=\"heading-wrapper\"><h6><span class=\"heading-line-left\"><\/span><strong>Quines Somos<\/strong><span class=\"heading-line-right\"><\/span><\/h6><\/div>\nServimad Aluminios y PVC realiza trabajos a lo largo de todo el territorio espa\u00f1ol. Elaboramos presupuestos sin compromiso.<\/p>\n<p style=\"text-align: justify;\">Nuestra idea del Trabajo se apoya en 3 pilares:<\/p>\n<p style=\"text-align: justify;\"><strong>1. Asesoramiento:<\/strong><br \/>\nLa atenci\u00f3n al cliente es una de las premisas m\u00e1s importantes en nuestra firma. Un trato personalizado, el asesoramiento y aportaci\u00f3n de ideas es nuestro m\u00e9todo de trabajo.<\/p>\n<p style=\"text-align: justify;\"><strong>2. Producto:<\/strong><br \/>\nLos perfiles con los que trabajamos, poseen calidades excepcionales. La manipulaci\u00f3n de los mismos es realizada por un equipo de profesionales, consiguiendo de este modo un acabado impecable en ventanas, puertas, y otras estructuras de aluminio y PVC. El montaje en obra se realiza de una forma ordenada y limpia, caracteriz\u00e1ndonos por nuestro detallismo a la hora de entregar el trabajo encargado.<\/p>\n<p style=\"text-align: justify;\"><strong>3. Servicio:<\/strong><br \/>\nPara Servimad Aluminios y PVC es muy importante la terminaci\u00f3n y remate de la obra encargada, por lo que ponemos mucho inter\u00e9s en que la obra quede totalmente acabada. Nuestro tiempo de entrega est\u00e1 supeditado al tipo de material elegido por el cliente, no obstante, somos conscientes de la urgencia de algunos de los casos por lo que contamos con stock para hacer frente a pedidos urgentes.<\/p>\n<\/div>\n<div class=\"column column-1-2 column-last\">\n<div class=\"heading-wrapper\"><h6><span class=\"heading-line-left\"><\/span><strong>Instalaciones<\/strong><span class=\"heading-line-right\"><\/span><\/h6><\/div>\n<p><img loading=\"lazy\" decoding=\"async\" class=\"alignnone size-full wp-image-3723\" src=\"https:\/\/servimad3000.es\/wp-content\/uploads\/2013\/01\/FOTO-EMPRESA-2.jpg\" alt=\"\" width=\"400\" height=\"225\" srcset=\"https:\/\/servimad3000.es\/wp-content\/uploads\/2013\/01\/FOTO-EMPRESA-2.jpg 400w, https:\/\/servimad3000.es\/wp-content\/uploads\/2013\/01\/FOTO-EMPRESA-2-300x169.jpg 300w\" sizes=\"auto, (max-width: 400px) 100vw, 400px\" \/><br \/>\n<img loading=\"lazy\" decoding=\"async\" class=\"alignnone size-full wp-image-3724\" src=\"https:\/\/servimad3000.es\/wp-content\/uploads\/2013\/01\/FOTO-EMPRESA.jpg\" alt=\"\" width=\"400\" height=\"225\" srcset=\"https:\/\/servimad3000.es\/wp-content\/uploads\/2013\/01\/FOTO-EMPRESA.jpg 400w, https:\/\/servimad3000.es\/wp-content\/uploads\/2013\/01\/FOTO-EMPRESA-300x169.jpg 300w\" sizes=\"auto, (max-width: 400px) 100vw, 400px\" \/><br \/>\n<\/div><div class=\"clear\"><\/div>\n<div class=\"spacer\" style=\"height:10px\"><\/div>\n<div class=\"heading-wrapper\"><h6><span class=\"heading-line-left\"><\/span><strong>Empresas\u00a0que trabajan con nosotros<\/strong><span class=\"heading-line-right\"><\/span><\/h6><\/div>\n<div class=\"spacer\" style=\"height:10px\"><\/div>\n<div class=\"column column-1-4\"><div class=\"client-wrapper\" style=\"text-align:center\"><a href=\"#\"><img decoding=\"async\" src=\"\/wp-content\/uploads\/2017\/06\/cliente-servimad-nh-hoteles.jpg\" alt=\"\" \/><\/a><\/div><\/div>\n<div class=\"column column-1-4\"><div class=\"client-wrapper\" style=\"text-align:center\"><a href=\"#\"><img decoding=\"async\" src=\"\/wp-content\/uploads\/2017\/06\/cliente-servimad-corte-ingles.jpg\" alt=\"\" \/><\/a><\/div><\/div>\n<div class=\"column column-1-4\"><div class=\"client-wrapper\" style=\"text-align:center\"><a href=\"#\"><img decoding=\"async\" src=\"\/wp-content\/uploads\/2017\/06\/cliente-servimad-tryp-hoteles.jpg\" alt=\"\" \/><\/a><\/div><\/div>\n<div class=\"column column-1-4 column-last\"><div class=\"client-wrapper\" style=\"text-align:center\"><a href=\"#\"><img decoding=\"async\" src=\"\/wp-content\/uploads\/2017\/07\/cliente-servimad-Carrefour.jpg\" alt=\"\" \/><\/a><\/div><\/div><div class=\"clear\"><\/div>","protected":false},"excerpt":{"rendered":"Quines Somos Servimad Aluminios y PVC realiza trabajos a lo largo de todo el territorio espa\u00f1ol. Elaboramos presupuestos sin compromiso. Nuestra idea del Trabajo se apoya en 3 pilares: 1. Asesoramiento: La atenci\u00f3n al cliente es una de las premisas m\u00e1s importantes en nuestra firma. Un trato personalizado, el asesoramiento y aportaci\u00f3n de ideas es [...]","protected":false},"author":1,"featured_media":0,"parent":0,"menu_order":0,"comment_status":"open","ping_status":"open","template":"","meta":{"footnotes":""},"class_list":["post-367","page","type-page","status-publish","hentry"],"yoast_head":"<!-- This site is optimized with the Yoast SEO plugin v27.1.1 - https:\/\/yoast.com\/product\/yoast-seo-wordpress\/ -->\n<title>La Empresa - Servimad 3000<\/title>\n<meta name=\"description\" content=\"Servimad Aluminios y PVC realiza trabajos a lo largo de todo el territorio espa\u00f1ol. Elaboramos presupuestos sin compromiso.\" \/>\n<meta name=\"robots\" content=\"index, follow, max-snippet:-1, max-image-preview:large, max-video-preview:-1\" \/>\n<link rel=\"canonical\" href=\"https:\/\/servimad3000.es\/en\/la-empresa\/\" \/>\n<meta property=\"og:locale\" content=\"en_GB\" \/>\n<meta property=\"og:type\" content=\"article\" \/>\n<meta property=\"og:title\" content=\"La Empresa - Servimad 3000\" \/>\n<meta property=\"og:description\" content=\"Servimad Aluminios y PVC realiza trabajos a lo largo de todo el territorio espa\u00f1ol. Elaboramos presupuestos sin compromiso.\" \/>\n<meta property=\"og:url\" content=\"https:\/\/servimad3000.es\/en\/la-empresa\/\" \/>\n<meta property=\"og:site_name\" content=\"Servimad 3000\" \/>\n<meta property=\"article:modified_time\" content=\"2017-07-24T08:30:55+00:00\" \/>\n<meta property=\"og:image\" content=\"https:\/\/servimad3000.es\/wp-content\/uploads\/2013\/01\/FOTO-EMPRESA-2.jpg\" \/>\n\t<meta property=\"og:image:width\" content=\"400\" \/>\n\t<meta property=\"og:image:height\" content=\"225\" \/>\n\t<meta property=\"og:image:type\" content=\"image\/jpeg\" \/>\n<meta name=\"twitter:card\" content=\"summary_large_image\" \/>\n<meta name=\"twitter:label1\" content=\"Estimated reading time\" \/>\n\t<meta name=\"twitter:data1\" content=\"1 minute\" \/>\n<script type=\"application\/ld+json\" class=\"yoast-schema-graph\">{\"@context\":\"https:\/\/schema.org\",\"@graph\":[{\"@type\":\"WebPage\",\"@id\":\"https:\/\/servimad3000.es\/la-empresa\/\",\"url\":\"https:\/\/servimad3000.es\/la-empresa\/\",\"name\":\"La Empresa - Servimad 3000\",\"isPartOf\":{\"@id\":\"https:\/\/servimad3000.es\/#website\"},\"primaryImageOfPage\":{\"@id\":\"https:\/\/servimad3000.es\/la-empresa\/#primaryimage\"},\"image\":{\"@id\":\"https:\/\/servimad3000.es\/la-empresa\/#primaryimage\"},\"thumbnailUrl\":\"https:\/\/servimad3000.es\/wp-content\/uploads\/2013\/01\/FOTO-EMPRESA-2.jpg\",\"datePublished\":\"2013-01-30T20:04:58+00:00\",\"dateModified\":\"2017-07-24T08:30:55+00:00\",\"description\":\"Servimad Aluminios y PVC realiza trabajos a lo largo de todo el territorio espa\u00f1ol. Elaboramos presupuestos sin compromiso.\",\"breadcrumb\":{\"@id\":\"https:\/\/servimad3000.es\/la-empresa\/#breadcrumb\"},\"inLanguage\":\"en-GB\",\"potentialAction\":[{\"@type\":\"ReadAction\",\"target\":[\"https:\/\/servimad3000.es\/la-empresa\/\"]}]},{\"@type\":\"ImageObject\",\"inLanguage\":\"en-GB\",\"@id\":\"https:\/\/servimad3000.es\/la-empresa\/#primaryimage\",\"url\":\"https:\/\/servimad3000.es\/wp-content\/uploads\/2013\/01\/FOTO-EMPRESA-2.jpg\",\"contentUrl\":\"https:\/\/servimad3000.es\/wp-content\/uploads\/2013\/01\/FOTO-EMPRESA-2.jpg\"},{\"@type\":\"BreadcrumbList\",\"@id\":\"https:\/\/servimad3000.es\/la-empresa\/#breadcrumb\",\"itemListElement\":[{\"@type\":\"ListItem\",\"position\":1,\"name\":\"Portada\",\"item\":\"https:\/\/servimad3000.es\/\"},{\"@type\":\"ListItem\",\"position\":2,\"name\":\"La Empresa\"}]},{\"@type\":\"WebSite\",\"@id\":\"https:\/\/servimad3000.es\/#website\",\"url\":\"https:\/\/servimad3000.es\/\",\"name\":\"Servimad 3000\",\"description\":\"Palets, Aluminios y PVC\",\"publisher\":{\"@id\":\"https:\/\/servimad3000.es\/#organization\"},\"potentialAction\":[{\"@type\":\"SearchAction\",\"target\":{\"@type\":\"EntryPoint\",\"urlTemplate\":\"https:\/\/servimad3000.es\/?s={search_term_string}\"},\"query-input\":{\"@type\":\"PropertyValueSpecification\",\"valueRequired\":true,\"valueName\":\"search_term_string\"}}],\"inLanguage\":\"en-GB\"},{\"@type\":\"Organization\",\"@id\":\"https:\/\/servimad3000.es\/#organization\",\"name\":\"Servimad 3000\",\"url\":\"https:\/\/servimad3000.es\/\",\"logo\":{\"@type\":\"ImageObject\",\"inLanguage\":\"en-GB\",\"@id\":\"https:\/\/servimad3000.es\/#\/schema\/logo\/image\/\",\"url\":\"https:\/\/servimad3000.es\/wp-content\/uploads\/2017\/05\/logo-mensaje.png\",\"contentUrl\":\"https:\/\/servimad3000.es\/wp-content\/uploads\/2017\/05\/logo-mensaje.png\",\"width\":115,\"height\":105,\"caption\":\"Servimad 3000\"},\"image\":{\"@id\":\"https:\/\/servimad3000.es\/#\/schema\/logo\/image\/\"}}]}<\/script>\n<!-- \/ Yoast SEO plugin. -->","yoast_head_json":{"title":"La Empresa - Servimad 3000","description":"Servimad Aluminios y PVC realiza trabajos a lo largo de todo el territorio espa\u00f1ol. Elaboramos presupuestos sin compromiso.","robots":{"index":"index","follow":"follow","max-snippet":"max-snippet:-1","max-image-preview":"max-image-preview:large","max-video-preview":"max-video-preview:-1"},"canonical":"https:\/\/servimad3000.es\/en\/la-empresa\/","og_locale":"en_GB","og_type":"article","og_title":"La Empresa - Servimad 3000","og_description":"Servimad Aluminios y PVC realiza trabajos a lo largo de todo el territorio espa\u00f1ol. Elaboramos presupuestos sin compromiso.","og_url":"https:\/\/servimad3000.es\/en\/la-empresa\/","og_site_name":"Servimad 3000","article_modified_time":"2017-07-24T08:30:55+00:00","og_image":[{"width":400,"height":225,"url":"https:\/\/servimad3000.es\/wp-content\/uploads\/2013\/01\/FOTO-EMPRESA-2.jpg","type":"image\/jpeg"}],"twitter_card":"summary_large_image","twitter_misc":{"Estimated reading time":"1 minute"},"schema":{"@context":"https:\/\/schema.org","@graph":[{"@type":"WebPage","@id":"https:\/\/servimad3000.es\/la-empresa\/","url":"https:\/\/servimad3000.es\/la-empresa\/","name":"La Empresa - Servimad 3000","isPartOf":{"@id":"https:\/\/servimad3000.es\/#website"},"primaryImageOfPage":{"@id":"https:\/\/servimad3000.es\/la-empresa\/#primaryimage"},"image":{"@id":"https:\/\/servimad3000.es\/la-empresa\/#primaryimage"},"thumbnailUrl":"https:\/\/servimad3000.es\/wp-content\/uploads\/2013\/01\/FOTO-EMPRESA-2.jpg","datePublished":"2013-01-30T20:04:58+00:00","dateModified":"2017-07-24T08:30:55+00:00","description":"Servimad Aluminios y PVC realiza trabajos a lo largo de todo el territorio espa\u00f1ol. Elaboramos presupuestos sin compromiso.","breadcrumb":{"@id":"https:\/\/servimad3000.es\/la-empresa\/#breadcrumb"},"inLanguage":"en-GB","potentialAction":[{"@type":"ReadAction","target":["https:\/\/servimad3000.es\/la-empresa\/"]}]},{"@type":"ImageObject","inLanguage":"en-GB","@id":"https:\/\/servimad3000.es\/la-empresa\/#primaryimage","url":"https:\/\/servimad3000.es\/wp-content\/uploads\/2013\/01\/FOTO-EMPRESA-2.jpg","contentUrl":"https:\/\/servimad3000.es\/wp-content\/uploads\/2013\/01\/FOTO-EMPRESA-2.jpg"},{"@type":"BreadcrumbList","@id":"https:\/\/servimad3000.es\/la-empresa\/#breadcrumb","itemListElement":[{"@type":"ListItem","position":1,"name":"Portada","item":"https:\/\/servimad3000.es\/"},{"@type":"ListItem","position":2,"name":"La Empresa"}]},{"@type":"WebSite","@id":"https:\/\/servimad3000.es\/#website","url":"https:\/\/servimad3000.es\/","name":"Servimad 3000","description":"Palets, Aluminios y PVC","publisher":{"@id":"https:\/\/servimad3000.es\/#organization"},"potentialAction":[{"@type":"SearchAction","target":{"@type":"EntryPoint","urlTemplate":"https:\/\/servimad3000.es\/?s={search_term_string}"},"query-input":{"@type":"PropertyValueSpecification","valueRequired":true,"valueName":"search_term_string"}}],"inLanguage":"en-GB"},{"@type":"Organization","@id":"https:\/\/servimad3000.es\/#organization","name":"Servimad 3000","url":"https:\/\/servimad3000.es\/","logo":{"@type":"ImageObject","inLanguage":"en-GB","@id":"https:\/\/servimad3000.es\/#\/schema\/logo\/image\/","url":"https:\/\/servimad3000.es\/wp-content\/uploads\/2017\/05\/logo-mensaje.png","contentUrl":"https:\/\/servimad3000.es\/wp-content\/uploads\/2017\/05\/logo-mensaje.png","width":115,"height":105,"caption":"Servimad 3000"},"image":{"@id":"https:\/\/servimad3000.es\/#\/schema\/logo\/image\/"}}]}},"_links":{"self":[{"href":"https:\/\/servimad3000.es\/en\/wp-json\/wp\/v2\/pages\/367","targetHints":{"allow":["GET"]}}],"collection":[{"href":"https:\/\/servimad3000.es\/en\/wp-json\/wp\/v2\/pages"}],"about":[{"href":"https:\/\/servimad3000.es\/en\/wp-json\/wp\/v2\/types\/page"}],"author":[{"embeddable":true,"href":"https:\/\/servimad3000.es\/en\/wp-json\/wp\/v2\/users\/1"}],"replies":[{"embeddable":true,"href":"https:\/\/servimad3000.es\/en\/wp-json\/wp\/v2\/comments?post=367"}],"version-history":[{"count":8,"href":"https:\/\/servimad3000.es\/en\/wp-json\/wp\/v2\/pages\/367\/revisions"}],"predecessor-version":[{"id":3725,"href":"https:\/\/servimad3000.es\/en\/wp-json\/wp\/v2\/pages\/367\/revisions\/3725"}],"wp:attachment":[{"href":"https:\/\/servimad3000.es\/en\/wp-json\/wp\/v2\/media?parent=367"}],"curies":[{"name":"wp","href":"https:\/\/api.w.org\/{rel}","templated":true}]}}