{"id":271,"date":"2013-01-22T13:26:59","date_gmt":"2013-01-22T13:26:59","guid":{"rendered":"http:\/\/www.mnkystudio.com\/theme-10\/?page_id=271"},"modified":"2024-05-10T15:39:31","modified_gmt":"2024-05-10T15:39:31","slug":"contacto","status":"publish","type":"page","link":"https:\/\/servimad3000.es\/en\/contacto\/","title":{"rendered":"Contacto"},"content":{"rendered":"<div class=\"column column-1-2\">\n<div class=\"heading-wrapper\"><h6><span class=\"heading-line-left\"><\/span><strong> Env\u00edenos su mensaje&nbsp;<\/strong><span class=\"heading-line-right\"><\/span><\/h6><\/div>\n\n<div class=\"wpcf7 no-js\" id=\"wpcf7-f3614-o1\" lang=\"es-ES\" dir=\"ltr\" data-wpcf7-id=\"3614\">\n<div class=\"screen-reader-response\"><p role=\"status\" aria-live=\"polite\" aria-atomic=\"true\"><\/p> <ul><\/ul><\/div>\n<form action=\"\/en\/wp-json\/wp\/v2\/pages\/271#wpcf7-f3614-o1\" method=\"post\" class=\"wpcf7-form init\" aria-label=\"Formulario de contacto\" novalidate=\"novalidate\" data-status=\"init\" data-trp-original-action=\"\/en\/wp-json\/wp\/v2\/pages\/271#wpcf7-f3614-o1\">\n<fieldset class=\"hidden-fields-container\"><input type=\"hidden\" name=\"_wpcf7\" value=\"3614\" \/><input type=\"hidden\" name=\"_wpcf7_version\" value=\"6.1.5\" \/><input type=\"hidden\" name=\"_wpcf7_locale\" value=\"es_ES\" \/><input type=\"hidden\" name=\"_wpcf7_unit_tag\" value=\"wpcf7-f3614-o1\" \/><input type=\"hidden\" name=\"_wpcf7_container_post\" value=\"0\" \/><input type=\"hidden\" name=\"_wpcf7_posted_data_hash\" value=\"\" \/>\n<\/fieldset>\n<p><label> Nombre (requerido)<br \/>\n<span class=\"wpcf7-form-control-wrap\" data-name=\"your-name\"><input size=\"40\" maxlength=\"400\" class=\"wpcf7-form-control wpcf7-text wpcf7-validates-as-required\" aria-required=\"true\" aria-invalid=\"false\" value=\"\" type=\"text\" name=\"your-name\" \/><\/span> <\/label>\n<\/p>\n<p><label> Tel\u00e9fono de Contacto (requerido)<br \/>\n<span class=\"wpcf7-form-control-wrap\" data-name=\"telefono\"><input size=\"40\" maxlength=\"400\" class=\"wpcf7-form-control wpcf7-tel wpcf7-validates-as-required wpcf7-text wpcf7-validates-as-tel\" aria-required=\"true\" aria-invalid=\"false\" value=\"\" type=\"tel\" name=\"telefono\" \/><\/span> <\/label>\n<\/p>\n<p><label> Su correo electr\u00f3nico (requerido)<br \/>\n<span class=\"wpcf7-form-control-wrap\" data-name=\"your-email\"><input size=\"40\" maxlength=\"400\" class=\"wpcf7-form-control wpcf7-email wpcf7-validates-as-required wpcf7-text wpcf7-validates-as-email\" aria-required=\"true\" aria-invalid=\"false\" value=\"\" type=\"email\" name=\"your-email\" \/><\/span> <\/label>\n<\/p>\n<p><label> Asunto<br \/>\n<span class=\"wpcf7-form-control-wrap\" data-name=\"your-subject\"><input size=\"40\" maxlength=\"400\" class=\"wpcf7-form-control wpcf7-text\" aria-invalid=\"false\" value=\"\" type=\"text\" name=\"your-subject\" \/><\/span> <\/label>\n<\/p>\n<p><label> Mensaje<br \/>\n<span class=\"wpcf7-form-control-wrap\" data-name=\"your-message\"><textarea cols=\"40\" rows=\"10\" maxlength=\"2000\" class=\"wpcf7-form-control wpcf7-textarea\" aria-invalid=\"false\" name=\"your-message\"><\/textarea><\/span> <\/label>\n<\/p>\n<p><input class=\"wpcf7-form-control wpcf7-submit has-spinner\" type=\"submit\" value=\"Enviar\" \/>\n<\/p><div class=\"wpcf7-response-output\" aria-hidden=\"true\"><\/div>\n<input type=\"hidden\" name=\"trp-form-language\" value=\"en\"\/><\/form>\n<\/div>\n\n<\/div>\n<div class=\"column column-1-2 column-last\">\n<div class=\"heading-wrapper\"><h6><span class=\"heading-line-left\"><\/span><strong> Informaci\u00f3n de Contacto<\/strong><span class=\"heading-line-right\"><\/span><\/h6><\/div>\n<div class=\"spacer\" style=\"height:5px\"><\/div>\n<div class=\"su-tabs su-tabs-style-2\"><div class=\"su-tabs-nav\"><span><i class=\"moon-location su-tab-icon\"><\/i>Localizaci\u00f3n<\/span><span><i class=\"moon-clock su-tab-icon\"><\/i>Horarios<\/span><span><i class=\"moon-share-2 su-tab-icon\"><\/i>Social Media<\/span><div class=\"su-tabs-nav-shadow\"><\/div><\/div><div class=\"su-tabs-panes\"><div class=\"pane-wrapper\"><div class=\"pane-title\"><i class=\"moon-location su-tab-icon\"><\/i>Localizaci\u00f3n<\/div><div class=\"su-tabs-pane\">\nCtra Villamayor de Santiago Km 7<br \/>\nHontanaya, CP 16421 (Cuenca)<br \/>\n<strong>Tel: 969 12 91 83<\/strong><br \/>\n<strong>Email: <\/strong><a href=\"#\">info@servimad3000.es<\/a><br \/>\n<strong>Web: <\/strong><a href=\"#\">www.s<\/a>ervimad3000.es<br \/>\n<\/div><\/div>\n<div class=\"pane-wrapper\"><div class=\"pane-title\"><i class=\"moon-clock su-tab-icon\"><\/i>Horarios<\/div><div class=\"su-tabs-pane\">\n<strong>Lunes: &nbsp; &nbsp; &nbsp; &nbsp;<\/strong>9.00 a&nbsp;18.00<br \/>\n<strong>Martes: &nbsp; &nbsp; &nbsp;<\/strong>9.00 a&nbsp;18.00<br \/>\n<strong>Mi\u00e9rcoles: <\/strong>9.00 a&nbsp;18.00<br \/>\n<strong>Jueves: &nbsp; &nbsp; &nbsp;&nbsp;<\/strong>9.00 a&nbsp;18.00<br \/>\n<strong>Viernes: &nbsp; &nbsp;&nbsp;<\/strong>9.00 a&nbsp;18.00<br \/>\n<\/div><\/div>\n<div class=\"pane-wrapper\"><div class=\"pane-title\"><i class=\"moon-share-2 su-tab-icon\"><\/i>Social Media<\/div><div class=\"su-tabs-pane\">\n<strong>Facebook:&nbsp;<\/strong><br \/>\n<strong>Twitter: <\/strong><br \/>\n<strong>YouTube: <\/strong><br \/>\n<strong>Flickr: <\/strong><\/div><\/div><\/div><div class=\"clear\"><\/div><\/div>\n<div class=\"spacer\" style=\"height:20px\"><\/div>\n<div class=\"heading-wrapper\"><h6><span class=\"heading-line-left\"><\/span><strong> En el Mapa&nbsp;<\/strong><span class=\"heading-line-right\"><\/span><\/h6><\/div>\n<iframe loading=\"lazy\" style=\"margin-bottom:-5px;\" width=\"450\" height=\"240\" src=\"http:\/\/maps.google.com\/maps?q=39.721439%2C+-2.848137&amp;iwloc=near&amp;output=embed\" class=\"su-gmap\"><\/iframe>\n<\/div><div class=\"clear\"><\/div>","protected":false},"excerpt":{"rendered":"Env\u00edenos su mensaje&nbsp; Nombre (requerido) Tel\u00e9fono de Contacto (requerido) Su correo electr\u00f3nico (requerido) Asunto Mensaje Informaci\u00f3n de Contacto Localizaci\u00f3nHorariosSocial MediaLocalizaci\u00f3n Ctra Villamayor de Santiago Km 7 Hontanaya, CP 16421 (Cuenca) Tel: 969 12 91 83 Email: info@servimad3000.es Web: www.servimad3000.es Horarios Lunes: &nbsp; &nbsp; &nbsp; &nbsp;9.00 a&nbsp;18.00 Martes: &nbsp; &nbsp; &nbsp;9.00 a&nbsp;18.00 Mi\u00e9rcoles: 9.00 a&nbsp;18.00 Jueves: [...]","protected":false},"author":1,"featured_media":0,"parent":0,"menu_order":0,"comment_status":"open","ping_status":"open","template":"","meta":{"footnotes":""},"class_list":["post-271","page","type-page","status-publish","hentry"],"yoast_head":"<!-- This site is optimized with the Yoast SEO plugin v27.1.1 - https:\/\/yoast.com\/product\/yoast-seo-wordpress\/ -->\n<title>Contacto - Servimad 3000<\/title>\n<meta name=\"description\" content=\"Fabricantes de puertas, ventanas , mosquiteros, mamparas de ba\u00f1o de PVC y aluminio. Servimad Carpinter\u00eda de PVC y AluminioDesde 1987 fabricando ventanas y puertas de aluminio y PVC.\" \/>\n<meta name=\"robots\" content=\"index, follow, max-snippet:-1, max-image-preview:large, max-video-preview:-1\" \/>\n<link rel=\"canonical\" href=\"https:\/\/servimad3000.es\/en\/contacto\/\" \/>\n<meta property=\"og:locale\" content=\"en_GB\" \/>\n<meta property=\"og:type\" content=\"article\" \/>\n<meta property=\"og:title\" content=\"Contacto - Servimad 3000\" \/>\n<meta property=\"og:description\" content=\"Fabricantes de puertas, ventanas , mosquiteros, mamparas de ba\u00f1o de PVC y aluminio. Servimad Carpinter\u00eda de PVC y AluminioDesde 1987 fabricando ventanas y puertas de aluminio y PVC.\" \/>\n<meta property=\"og:url\" content=\"https:\/\/servimad3000.es\/en\/contacto\/\" \/>\n<meta property=\"og:site_name\" content=\"Servimad 3000\" \/>\n<meta property=\"article:modified_time\" content=\"2024-05-10T15:39:31+00:00\" \/>\n<meta name=\"twitter:card\" content=\"summary_large_image\" \/>\n<meta name=\"twitter:label1\" content=\"Estimated reading time\" \/>\n\t<meta name=\"twitter:data1\" content=\"1 minute\" \/>\n<script type=\"application\/ld+json\" class=\"yoast-schema-graph\">{\"@context\":\"https:\/\/schema.org\",\"@graph\":[{\"@type\":\"WebPage\",\"@id\":\"https:\/\/servimad3000.es\/contacto\/\",\"url\":\"https:\/\/servimad3000.es\/contacto\/\",\"name\":\"Contacto - Servimad 3000\",\"isPartOf\":{\"@id\":\"https:\/\/servimad3000.es\/#website\"},\"datePublished\":\"2013-01-22T13:26:59+00:00\",\"dateModified\":\"2024-05-10T15:39:31+00:00\",\"description\":\"Fabricantes de puertas, ventanas , mosquiteros, mamparas de ba\u00f1o de PVC y aluminio. Servimad Carpinter\u00eda de PVC y AluminioDesde 1987 fabricando ventanas y puertas de aluminio y PVC.\",\"breadcrumb\":{\"@id\":\"https:\/\/servimad3000.es\/contacto\/#breadcrumb\"},\"inLanguage\":\"en-GB\",\"potentialAction\":[{\"@type\":\"ReadAction\",\"target\":[\"https:\/\/servimad3000.es\/contacto\/\"]}]},{\"@type\":\"BreadcrumbList\",\"@id\":\"https:\/\/servimad3000.es\/contacto\/#breadcrumb\",\"itemListElement\":[{\"@type\":\"ListItem\",\"position\":1,\"name\":\"Portada\",\"item\":\"https:\/\/servimad3000.es\/\"},{\"@type\":\"ListItem\",\"position\":2,\"name\":\"Contacto\"}]},{\"@type\":\"WebSite\",\"@id\":\"https:\/\/servimad3000.es\/#website\",\"url\":\"https:\/\/servimad3000.es\/\",\"name\":\"Servimad 3000\",\"description\":\"Palets, Aluminios y PVC\",\"publisher\":{\"@id\":\"https:\/\/servimad3000.es\/#organization\"},\"potentialAction\":[{\"@type\":\"SearchAction\",\"target\":{\"@type\":\"EntryPoint\",\"urlTemplate\":\"https:\/\/servimad3000.es\/?s={search_term_string}\"},\"query-input\":{\"@type\":\"PropertyValueSpecification\",\"valueRequired\":true,\"valueName\":\"search_term_string\"}}],\"inLanguage\":\"en-GB\"},{\"@type\":\"Organization\",\"@id\":\"https:\/\/servimad3000.es\/#organization\",\"name\":\"Servimad 3000\",\"url\":\"https:\/\/servimad3000.es\/\",\"logo\":{\"@type\":\"ImageObject\",\"inLanguage\":\"en-GB\",\"@id\":\"https:\/\/servimad3000.es\/#\/schema\/logo\/image\/\",\"url\":\"https:\/\/servimad3000.es\/wp-content\/uploads\/2017\/05\/logo-mensaje.png\",\"contentUrl\":\"https:\/\/servimad3000.es\/wp-content\/uploads\/2017\/05\/logo-mensaje.png\",\"width\":115,\"height\":105,\"caption\":\"Servimad 3000\"},\"image\":{\"@id\":\"https:\/\/servimad3000.es\/#\/schema\/logo\/image\/\"}}]}<\/script>\n<!-- \/ Yoast SEO plugin. -->","yoast_head_json":{"title":"Contacto - Servimad 3000","description":"Fabricantes de puertas, ventanas , mosquiteros, mamparas de ba\u00f1o de PVC y aluminio. Servimad Carpinter\u00eda de PVC y AluminioDesde 1987 fabricando ventanas y puertas de aluminio y PVC.","robots":{"index":"index","follow":"follow","max-snippet":"max-snippet:-1","max-image-preview":"max-image-preview:large","max-video-preview":"max-video-preview:-1"},"canonical":"https:\/\/servimad3000.es\/en\/contacto\/","og_locale":"en_GB","og_type":"article","og_title":"Contacto - Servimad 3000","og_description":"Fabricantes de puertas, ventanas , mosquiteros, mamparas de ba\u00f1o de PVC y aluminio. Servimad Carpinter\u00eda de PVC y AluminioDesde 1987 fabricando ventanas y puertas de aluminio y PVC.","og_url":"https:\/\/servimad3000.es\/en\/contacto\/","og_site_name":"Servimad 3000","article_modified_time":"2024-05-10T15:39:31+00:00","twitter_card":"summary_large_image","twitter_misc":{"Estimated reading time":"1 minute"},"schema":{"@context":"https:\/\/schema.org","@graph":[{"@type":"WebPage","@id":"https:\/\/servimad3000.es\/contacto\/","url":"https:\/\/servimad3000.es\/contacto\/","name":"Contacto - Servimad 3000","isPartOf":{"@id":"https:\/\/servimad3000.es\/#website"},"datePublished":"2013-01-22T13:26:59+00:00","dateModified":"2024-05-10T15:39:31+00:00","description":"Fabricantes de puertas, ventanas , mosquiteros, mamparas de ba\u00f1o de PVC y aluminio. Servimad Carpinter\u00eda de PVC y AluminioDesde 1987 fabricando ventanas y puertas de aluminio y PVC.","breadcrumb":{"@id":"https:\/\/servimad3000.es\/contacto\/#breadcrumb"},"inLanguage":"en-GB","potentialAction":[{"@type":"ReadAction","target":["https:\/\/servimad3000.es\/contacto\/"]}]},{"@type":"BreadcrumbList","@id":"https:\/\/servimad3000.es\/contacto\/#breadcrumb","itemListElement":[{"@type":"ListItem","position":1,"name":"Portada","item":"https:\/\/servimad3000.es\/"},{"@type":"ListItem","position":2,"name":"Contacto"}]},{"@type":"WebSite","@id":"https:\/\/servimad3000.es\/#website","url":"https:\/\/servimad3000.es\/","name":"Servimad 3000","description":"Palets, Aluminios y PVC","publisher":{"@id":"https:\/\/servimad3000.es\/#organization"},"potentialAction":[{"@type":"SearchAction","target":{"@type":"EntryPoint","urlTemplate":"https:\/\/servimad3000.es\/?s={search_term_string}"},"query-input":{"@type":"PropertyValueSpecification","valueRequired":true,"valueName":"search_term_string"}}],"inLanguage":"en-GB"},{"@type":"Organization","@id":"https:\/\/servimad3000.es\/#organization","name":"Servimad 3000","url":"https:\/\/servimad3000.es\/","logo":{"@type":"ImageObject","inLanguage":"en-GB","@id":"https:\/\/servimad3000.es\/#\/schema\/logo\/image\/","url":"https:\/\/servimad3000.es\/wp-content\/uploads\/2017\/05\/logo-mensaje.png","contentUrl":"https:\/\/servimad3000.es\/wp-content\/uploads\/2017\/05\/logo-mensaje.png","width":115,"height":105,"caption":"Servimad 3000"},"image":{"@id":"https:\/\/servimad3000.es\/#\/schema\/logo\/image\/"}}]}},"_links":{"self":[{"href":"https:\/\/servimad3000.es\/en\/wp-json\/wp\/v2\/pages\/271","targetHints":{"allow":["GET"]}}],"collection":[{"href":"https:\/\/servimad3000.es\/en\/wp-json\/wp\/v2\/pages"}],"about":[{"href":"https:\/\/servimad3000.es\/en\/wp-json\/wp\/v2\/types\/page"}],"author":[{"embeddable":true,"href":"https:\/\/servimad3000.es\/en\/wp-json\/wp\/v2\/users\/1"}],"replies":[{"embeddable":true,"href":"https:\/\/servimad3000.es\/en\/wp-json\/wp\/v2\/comments?post=271"}],"version-history":[{"count":7,"href":"https:\/\/servimad3000.es\/en\/wp-json\/wp\/v2\/pages\/271\/revisions"}],"predecessor-version":[{"id":3759,"href":"https:\/\/servimad3000.es\/en\/wp-json\/wp\/v2\/pages\/271\/revisions\/3759"}],"wp:attachment":[{"href":"https:\/\/servimad3000.es\/en\/wp-json\/wp\/v2\/media?parent=271"}],"curies":[{"name":"wp","href":"https:\/\/api.w.org\/{rel}","templated":true}]}}